{"id":646,"date":"2025-04-23T18:14:39","date_gmt":"2025-04-23T16:14:39","guid":{"rendered":"https:\/\/philippephilippe.com\/?page_id=646"},"modified":"2026-03-30T18:04:51","modified_gmt":"2026-03-30T16:04:51","slug":"mon-univers","status":"publish","type":"page","link":"https:\/\/philippephilippe.com\/index.php\/mon-univers\/","title":{"rendered":"Mon univers"},"content":{"rendered":"\n<h2 class=\"wp-block-heading has-medium-font-size\">Mon Univers<\/h2>\n\n\n\n<div style=\"height:50px\" aria-hidden=\"true\" class=\"wp-block-spacer\"><\/div>\n\n\n\n<div class=\"wp-block-group is-layout-constrained wp-block-group-is-layout-constrained\">\n<p class=\"has-text-align-center\" style=\"font-size:26px\"><strong>L&#8217;Absurde figuratif : Quand l&#8217;imagination red\u00e9finit le r\u00e9el.<\/strong><\/p>\n\n\n\n<figure class=\"wp-block-image aligncenter size-large\"><img loading=\"lazy\" decoding=\"async\" width=\"1024\" height=\"185\" src=\"https:\/\/philippephilippe.com\/wp-content\/uploads\/2026\/03\/IMG_3834-1024x185.jpeg\" alt=\"\" class=\"wp-image-829\" srcset=\"https:\/\/philippephilippe.com\/wp-content\/uploads\/2026\/03\/IMG_3834-1024x185.jpeg 1024w, https:\/\/philippephilippe.com\/wp-content\/uploads\/2026\/03\/IMG_3834-300x54.jpeg 300w, https:\/\/philippephilippe.com\/wp-content\/uploads\/2026\/03\/IMG_3834-150x27.jpeg 150w, https:\/\/philippephilippe.com\/wp-content\/uploads\/2026\/03\/IMG_3834-768x139.jpeg 768w, https:\/\/philippephilippe.com\/wp-content\/uploads\/2026\/03\/IMG_3834-1320x238.jpeg 1320w, https:\/\/philippephilippe.com\/wp-content\/uploads\/2026\/03\/IMG_3834-600x108.jpeg 600w, https:\/\/philippephilippe.com\/wp-content\/uploads\/2026\/03\/IMG_3834.jpeg 1440w\" sizes=\"auto, (max-width: 1024px) 100vw, 1024px\" \/><\/figure>\n\n\n\n<p class=\"has-text-align-left has-medium-font-size\">Mon travail artistique explore les fronti\u00e8res entre le familier et l&#8217;inattendu. \u00c0 travers des peintures sur toile, des dessins sur papier et des fresques murales,  je transpose ma vision du monde \u2013 de la nature foisonnante aux dynamiques urbaines, en passant par les complexit\u00e9s de la soci\u00e9t\u00e9 \u2013 dans un style que j&#8217;appelle l&#8217;absurde figuratif. Attendez-vous \u00e0 des sc\u00e8nes surprenantes, des d\u00e9tails inattendus et une invitation constante \u00e0 regarder au-del\u00e0 des apparences. Que vous cherchiez une pi\u00e8ce unique \u00e0 acqu\u00e9rir ou une fresque murale pour m\u00e9tamorphoser votre espace, plongez dans un univers o\u00f9 l&#8217;imagination est reine.<\/p>\n\n\n\n<p class=\"has-text-align-left has-ast-global-color-8-color has-text-color has-link-color has-medium-font-size wp-elements-325391ca6225b8c865334779a1469782\">Pour plus d&#8217;informations c&#8217;est <a href=\"https:\/\/philippephilippe.com\/index.php\/contact\/\" data-type=\"page\" data-id=\"78\"><s>ici<\/s><\/a><\/p>\n<\/div>\n\n\n\n<figure data-wp-context=\"{&quot;imageId&quot;:&quot;69d1eaed8685e&quot;}\" data-wp-interactive=\"core\/image\" data-wp-key=\"69d1eaed8685e\" class=\"wp-block-image aligncenter size-medium wp-lightbox-container\"><img loading=\"lazy\" decoding=\"async\" width=\"300\" height=\"212\" data-wp-class--hide=\"state.isContentHidden\" data-wp-class--show=\"state.isContentVisible\" data-wp-init=\"callbacks.setButtonStyles\" data-wp-on--click=\"actions.showLightbox\" data-wp-on--load=\"callbacks.setButtonStyles\" data-wp-on-window--resize=\"callbacks.setButtonStyles\" src=\"https:\/\/philippephilippe.com\/wp-content\/uploads\/2026\/03\/freestyle-urbain-300x212.jpg\" alt=\"un freestyle, m\u00e9lange de visages \u00e9tranges et d'\u00e9l\u00e9ments urbain\" class=\"wp-image-912\" srcset=\"https:\/\/philippephilippe.com\/wp-content\/uploads\/2026\/03\/freestyle-urbain-300x212.jpg 300w, https:\/\/philippephilippe.com\/wp-content\/uploads\/2026\/03\/freestyle-urbain-1024x724.jpg 1024w, https:\/\/philippephilippe.com\/wp-content\/uploads\/2026\/03\/freestyle-urbain-150x106.jpg 150w, https:\/\/philippephilippe.com\/wp-content\/uploads\/2026\/03\/freestyle-urbain-768x543.jpg 768w, https:\/\/philippephilippe.com\/wp-content\/uploads\/2026\/03\/freestyle-urbain-1536x1086.jpg 1536w, https:\/\/philippephilippe.com\/wp-content\/uploads\/2026\/03\/freestyle-urbain-2048x1448.jpg 2048w, https:\/\/philippephilippe.com\/wp-content\/uploads\/2026\/03\/freestyle-urbain-1320x933.jpg 1320w, https:\/\/philippephilippe.com\/wp-content\/uploads\/2026\/03\/freestyle-urbain-600x424.jpg 600w\" sizes=\"auto, (max-width: 300px) 100vw, 300px\" \/><button\n\t\t\tclass=\"lightbox-trigger\"\n\t\t\ttype=\"button\"\n\t\t\taria-haspopup=\"dialog\"\n\t\t\taria-label=\"Agrandir\"\n\t\t\tdata-wp-init=\"callbacks.initTriggerButton\"\n\t\t\tdata-wp-on--click=\"actions.showLightbox\"\n\t\t\tdata-wp-style--right=\"state.imageButtonRight\"\n\t\t\tdata-wp-style--top=\"state.imageButtonTop\"\n\t\t>\n\t\t\t<svg xmlns=\"http:\/\/www.w3.org\/2000\/svg\" width=\"12\" height=\"12\" fill=\"none\" viewBox=\"0 0 12 12\">\n\t\t\t\t<path fill=\"#fff\" d=\"M2 0a2 2 0 0 0-2 2v2h1.5V2a.5.5 0 0 1 .5-.5h2V0H2Zm2 10.5H2a.5.5 0 0 1-.5-.5V8H0v2a2 2 0 0 0 2 2h2v-1.5ZM8 12v-1.5h2a.5.5 0 0 0 .5-.5V8H12v2a2 2 0 0 1-2 2H8Zm2-12a2 2 0 0 1 2 2v2h-1.5V2a.5.5 0 0 0-.5-.5H8V0h2Z\" \/>\n\t\t\t<\/svg>\n\t\t<\/button><figcaption class=\"wp-element-caption\">Balade urbaine<br><em>dessin num\u00e9rique <\/em><\/figcaption><\/figure>\n","protected":false},"excerpt":{"rendered":"<p>Mon Univers L&#8217;Absurde figuratif : Quand l&#8217;imagination red\u00e9finit le r\u00e9el. Mon travail artistique explore les fronti\u00e8res entre le familier et [&hellip;]<\/p>\n","protected":false},"author":1,"featured_media":0,"parent":0,"menu_order":2,"comment_status":"closed","ping_status":"closed","template":"","meta":{"site-sidebar-layout":"default","site-content-layout":"","ast-site-content-layout":"","site-content-style":"default","site-sidebar-style":"default","ast-global-header-display":"","ast-banner-title-visibility":"","ast-main-header-display":"","ast-hfb-above-header-display":"","ast-hfb-below-header-display":"","ast-hfb-mobile-header-display":"","site-post-title":"disabled","ast-breadcrumbs-content":"","ast-featured-img":"","footer-sml-layout":"","theme-transparent-header-meta":"","adv-header-id-meta":"","stick-header-meta":"","header-above-stick-meta":"","header-main-stick-meta":"","header-below-stick-meta":"","astra-migrate-meta-layouts":"default","ast-page-background-enabled":"default","ast-page-background-meta":{"desktop":{"background-color":"var(--ast-global-color-5)","background-image":"","background-repeat":"repeat","background-position":"center center","background-size":"auto","background-attachment":"scroll","background-type":"","background-media":"","overlay-type":"","overlay-color":"","overlay-opacity":"","overlay-gradient":""},"tablet":{"background-color":"","background-image":"","background-repeat":"repeat","background-position":"center center","background-size":"auto","background-attachment":"scroll","background-type":"","background-media":"","overlay-type":"","overlay-color":"","overlay-opacity":"","overlay-gradient":""},"mobile":{"background-color":"","background-image":"","background-repeat":"repeat","background-position":"center center","background-size":"auto","background-attachment":"scroll","background-type":"","background-media":"","overlay-type":"","overlay-color":"","overlay-opacity":"","overlay-gradient":""}},"ast-content-background-meta":{"desktop":{"background-color":"var(--ast-global-color-4)","background-image":"","background-repeat":"repeat","background-position":"center center","background-size":"auto","background-attachment":"scroll","background-type":"","background-media":"","overlay-type":"","overlay-color":"","overlay-opacity":"","overlay-gradient":""},"tablet":{"background-color":"var(--ast-global-color-4)","background-image":"","background-repeat":"repeat","background-position":"center center","background-size":"auto","background-attachment":"scroll","background-type":"","background-media":"","overlay-type":"","overlay-color":"","overlay-opacity":"","overlay-gradient":""},"mobile":{"background-color":"var(--ast-global-color-4)","background-image":"","background-repeat":"repeat","background-position":"center center","background-size":"auto","background-attachment":"scroll","background-type":"","background-media":"","overlay-type":"","overlay-color":"","overlay-opacity":"","overlay-gradient":""}},"footnotes":""},"class_list":["post-646","page","type-page","status-publish","hentry"],"yoast_head":"<!-- This site is optimized with the Yoast SEO plugin v27.2 - https:\/\/yoast.com\/product\/yoast-seo-wordpress\/ -->\n<title>Mon univers -<\/title>\n<meta name=\"robots\" content=\"index, follow, max-snippet:-1, max-image-preview:large, max-video-preview:-1\" \/>\n<link rel=\"canonical\" href=\"https:\/\/philippephilippe.com\/index.php\/mon-univers\/\" \/>\n<meta property=\"og:locale\" content=\"fr_FR\" \/>\n<meta property=\"og:type\" content=\"article\" \/>\n<meta property=\"og:title\" content=\"Mon univers -\" \/>\n<meta property=\"og:description\" content=\"Mon Univers L&#8217;Absurde figuratif : Quand l&#8217;imagination red\u00e9finit le r\u00e9el. Mon travail artistique explore les fronti\u00e8res entre le familier et [&hellip;]\" \/>\n<meta property=\"og:url\" content=\"https:\/\/philippephilippe.com\/index.php\/mon-univers\/\" \/>\n<meta property=\"article:modified_time\" content=\"2026-03-30T16:04:51+00:00\" \/>\n<meta property=\"og:image\" content=\"https:\/\/philippephilippe.com\/wp-content\/uploads\/2026\/03\/IMG_3834.jpeg\" \/>\n\t<meta property=\"og:image:width\" content=\"1440\" \/>\n\t<meta property=\"og:image:height\" content=\"260\" \/>\n\t<meta property=\"og:image:type\" content=\"image\/jpeg\" \/>\n<meta name=\"twitter:card\" content=\"summary_large_image\" \/>\n<meta name=\"twitter:label1\" content=\"Dur\u00e9e de lecture estim\u00e9e\" \/>\n\t<meta name=\"twitter:data1\" content=\"1 minute\" \/>\n<script type=\"application\/ld+json\" class=\"yoast-schema-graph\">{\"@context\":\"https:\/\/schema.org\",\"@graph\":[{\"@type\":\"WebPage\",\"@id\":\"https:\/\/philippephilippe.com\/index.php\/mon-univers\/\",\"url\":\"https:\/\/philippephilippe.com\/index.php\/mon-univers\/\",\"name\":\"Mon univers -\",\"isPartOf\":{\"@id\":\"https:\/\/philippephilippe.com\/#website\"},\"primaryImageOfPage\":{\"@id\":\"https:\/\/philippephilippe.com\/index.php\/mon-univers\/#primaryimage\"},\"image\":{\"@id\":\"https:\/\/philippephilippe.com\/index.php\/mon-univers\/#primaryimage\"},\"thumbnailUrl\":\"https:\/\/philippephilippe.com\/wp-content\/uploads\/2026\/03\/IMG_3834-1024x185.jpeg\",\"datePublished\":\"2025-04-23T16:14:39+00:00\",\"dateModified\":\"2026-03-30T16:04:51+00:00\",\"breadcrumb\":{\"@id\":\"https:\/\/philippephilippe.com\/index.php\/mon-univers\/#breadcrumb\"},\"inLanguage\":\"fr-FR\",\"potentialAction\":[{\"@type\":\"ReadAction\",\"target\":[\"https:\/\/philippephilippe.com\/index.php\/mon-univers\/\"]}]},{\"@type\":\"ImageObject\",\"inLanguage\":\"fr-FR\",\"@id\":\"https:\/\/philippephilippe.com\/index.php\/mon-univers\/#primaryimage\",\"url\":\"https:\/\/philippephilippe.com\/wp-content\/uploads\/2026\/03\/IMG_3834.jpeg\",\"contentUrl\":\"https:\/\/philippephilippe.com\/wp-content\/uploads\/2026\/03\/IMG_3834.jpeg\",\"width\":1440,\"height\":260},{\"@type\":\"BreadcrumbList\",\"@id\":\"https:\/\/philippephilippe.com\/index.php\/mon-univers\/#breadcrumb\",\"itemListElement\":[{\"@type\":\"ListItem\",\"position\":1,\"name\":\"Accueil\",\"item\":\"https:\/\/philippephilippe.com\/\"},{\"@type\":\"ListItem\",\"position\":2,\"name\":\"Mon univers\"}]},{\"@type\":\"WebSite\",\"@id\":\"https:\/\/philippephilippe.com\/#website\",\"url\":\"https:\/\/philippephilippe.com\/\",\"name\":\"philippephilippe\",\"description\":\"Illustrations et peintures\",\"potentialAction\":[{\"@type\":\"SearchAction\",\"target\":{\"@type\":\"EntryPoint\",\"urlTemplate\":\"https:\/\/philippephilippe.com\/?s={search_term_string}\"},\"query-input\":{\"@type\":\"PropertyValueSpecification\",\"valueRequired\":true,\"valueName\":\"search_term_string\"}}],\"inLanguage\":\"fr-FR\"}]}<\/script>\n<!-- \/ Yoast SEO plugin. -->","yoast_head_json":{"title":"Mon univers -","robots":{"index":"index","follow":"follow","max-snippet":"max-snippet:-1","max-image-preview":"max-image-preview:large","max-video-preview":"max-video-preview:-1"},"canonical":"https:\/\/philippephilippe.com\/index.php\/mon-univers\/","og_locale":"fr_FR","og_type":"article","og_title":"Mon univers -","og_description":"Mon Univers L&#8217;Absurde figuratif : Quand l&#8217;imagination red\u00e9finit le r\u00e9el. Mon travail artistique explore les fronti\u00e8res entre le familier et [&hellip;]","og_url":"https:\/\/philippephilippe.com\/index.php\/mon-univers\/","article_modified_time":"2026-03-30T16:04:51+00:00","og_image":[{"width":1440,"height":260,"url":"https:\/\/philippephilippe.com\/wp-content\/uploads\/2026\/03\/IMG_3834.jpeg","type":"image\/jpeg"}],"twitter_card":"summary_large_image","twitter_misc":{"Dur\u00e9e de lecture estim\u00e9e":"1 minute"},"schema":{"@context":"https:\/\/schema.org","@graph":[{"@type":"WebPage","@id":"https:\/\/philippephilippe.com\/index.php\/mon-univers\/","url":"https:\/\/philippephilippe.com\/index.php\/mon-univers\/","name":"Mon univers -","isPartOf":{"@id":"https:\/\/philippephilippe.com\/#website"},"primaryImageOfPage":{"@id":"https:\/\/philippephilippe.com\/index.php\/mon-univers\/#primaryimage"},"image":{"@id":"https:\/\/philippephilippe.com\/index.php\/mon-univers\/#primaryimage"},"thumbnailUrl":"https:\/\/philippephilippe.com\/wp-content\/uploads\/2026\/03\/IMG_3834-1024x185.jpeg","datePublished":"2025-04-23T16:14:39+00:00","dateModified":"2026-03-30T16:04:51+00:00","breadcrumb":{"@id":"https:\/\/philippephilippe.com\/index.php\/mon-univers\/#breadcrumb"},"inLanguage":"fr-FR","potentialAction":[{"@type":"ReadAction","target":["https:\/\/philippephilippe.com\/index.php\/mon-univers\/"]}]},{"@type":"ImageObject","inLanguage":"fr-FR","@id":"https:\/\/philippephilippe.com\/index.php\/mon-univers\/#primaryimage","url":"https:\/\/philippephilippe.com\/wp-content\/uploads\/2026\/03\/IMG_3834.jpeg","contentUrl":"https:\/\/philippephilippe.com\/wp-content\/uploads\/2026\/03\/IMG_3834.jpeg","width":1440,"height":260},{"@type":"BreadcrumbList","@id":"https:\/\/philippephilippe.com\/index.php\/mon-univers\/#breadcrumb","itemListElement":[{"@type":"ListItem","position":1,"name":"Accueil","item":"https:\/\/philippephilippe.com\/"},{"@type":"ListItem","position":2,"name":"Mon univers"}]},{"@type":"WebSite","@id":"https:\/\/philippephilippe.com\/#website","url":"https:\/\/philippephilippe.com\/","name":"philippephilippe","description":"Illustrations et peintures","potentialAction":[{"@type":"SearchAction","target":{"@type":"EntryPoint","urlTemplate":"https:\/\/philippephilippe.com\/?s={search_term_string}"},"query-input":{"@type":"PropertyValueSpecification","valueRequired":true,"valueName":"search_term_string"}}],"inLanguage":"fr-FR"}]}},"jetpack_sharing_enabled":true,"_links":{"self":[{"href":"https:\/\/philippephilippe.com\/index.php\/wp-json\/wp\/v2\/pages\/646","targetHints":{"allow":["GET"]}}],"collection":[{"href":"https:\/\/philippephilippe.com\/index.php\/wp-json\/wp\/v2\/pages"}],"about":[{"href":"https:\/\/philippephilippe.com\/index.php\/wp-json\/wp\/v2\/types\/page"}],"author":[{"embeddable":true,"href":"https:\/\/philippephilippe.com\/index.php\/wp-json\/wp\/v2\/users\/1"}],"replies":[{"embeddable":true,"href":"https:\/\/philippephilippe.com\/index.php\/wp-json\/wp\/v2\/comments?post=646"}],"version-history":[{"count":15,"href":"https:\/\/philippephilippe.com\/index.php\/wp-json\/wp\/v2\/pages\/646\/revisions"}],"predecessor-version":[{"id":956,"href":"https:\/\/philippephilippe.com\/index.php\/wp-json\/wp\/v2\/pages\/646\/revisions\/956"}],"wp:attachment":[{"href":"https:\/\/philippephilippe.com\/index.php\/wp-json\/wp\/v2\/media?parent=646"}],"curies":[{"name":"wp","href":"https:\/\/api.w.org\/{rel}","templated":true}]}}