{"id":56,"date":"2025-03-21T16:03:34","date_gmt":"2025-03-21T15:03:34","guid":{"rendered":"https:\/\/philippedigard.wordpress.com\/bio\/"},"modified":"2026-03-28T11:00:00","modified_gmt":"2026-03-28T10:00:00","slug":"bio","status":"publish","type":"page","link":"https:\/\/philippephilippe.com\/","title":{"rendered":"A propos &#8230;"},"content":{"rendered":"\n<h1 class=\"wp-block-heading\">A propos<\/h1>\n\n\n\n<div class=\"wp-block-group has-background-background-color has-background is-vertical is-content-justification-center is-layout-flex wp-container-core-group-is-layout-acbe6cd1 wp-block-group-is-layout-flex\" style=\"padding-top:0;padding-bottom:0\">\n<p class=\"has-medium-font-size\">Depuis plus de 25 ans, mon parcours artistique est un voyage passionnant, d\u00e9butant dans l\u2019\u00e9nergie brute du graffiti pour m\u2019exprimer par la suite sur toiles et bien d\u2019autres supports. Chaque coup de pinceau, de crayon, de bombe ou de marqueur est une expression de ma vision du monde, un monde o\u00f9 les contrastes saisissants r\u00e9v\u00e8lent la beaut\u00e9, la laideur et les d\u00e9fis de notre \u00e9poque.<\/p>\n\n\n\n<figure data-wp-context=\"{&quot;imageId&quot;:&quot;69d199eb29c14&quot;}\" data-wp-interactive=\"core\/image\" data-wp-key=\"69d199eb29c14\" class=\"wp-block-image wp-lightbox-container\"><img loading=\"lazy\" decoding=\"async\" width=\"109\" height=\"150\" data-wp-class--hide=\"state.isContentHidden\" data-wp-class--show=\"state.isContentVisible\" data-wp-init=\"callbacks.setButtonStyles\" data-wp-on--click=\"actions.showLightbox\" data-wp-on--load=\"callbacks.setButtonStyles\" data-wp-on-window--resize=\"callbacks.setButtonStyles\" src=\"https:\/\/philippephilippe.com\/wp-content\/uploads\/2026\/03\/arbre-fou-109x150.jpg\" alt=\"un arbre version t\u00eate de mort\" class=\"wp-image-854\" srcset=\"https:\/\/philippephilippe.com\/wp-content\/uploads\/2026\/03\/arbre-fou-109x150.jpg 109w, https:\/\/philippephilippe.com\/wp-content\/uploads\/2026\/03\/arbre-fou-219x300.jpg 219w, https:\/\/philippephilippe.com\/wp-content\/uploads\/2026\/03\/arbre-fou-600x822.jpg 600w, https:\/\/philippephilippe.com\/wp-content\/uploads\/2026\/03\/arbre-fou.jpg 747w\" sizes=\"auto, (max-width: 109px) 100vw, 109px\" \/><button\n\t\t\tclass=\"lightbox-trigger\"\n\t\t\ttype=\"button\"\n\t\t\taria-haspopup=\"dialog\"\n\t\t\taria-label=\"Agrandir\"\n\t\t\tdata-wp-init=\"callbacks.initTriggerButton\"\n\t\t\tdata-wp-on--click=\"actions.showLightbox\"\n\t\t\tdata-wp-style--right=\"state.imageButtonRight\"\n\t\t\tdata-wp-style--top=\"state.imageButtonTop\"\n\t\t>\n\t\t\t<svg xmlns=\"http:\/\/www.w3.org\/2000\/svg\" width=\"12\" height=\"12\" fill=\"none\" viewBox=\"0 0 12 12\">\n\t\t\t\t<path fill=\"#fff\" d=\"M2 0a2 2 0 0 0-2 2v2h1.5V2a.5.5 0 0 1 .5-.5h2V0H2Zm2 10.5H2a.5.5 0 0 1-.5-.5V8H0v2a2 2 0 0 0 2 2h2v-1.5ZM8 12v-1.5h2a.5.5 0 0 0 .5-.5V8H12v2a2 2 0 0 1-2 2H8Zm2-12a2 2 0 0 1 2 2v2h-1.5V2a.5.5 0 0 0-.5-.5H8V0h2Z\" \/>\n\t\t\t<\/svg>\n\t\t<\/button><\/figure>\n\n\n\n<p class=\"has-text-color has-link-color has-medium-font-size wp-elements-0032f81f079c38454aa9198d7845c3e4\" style=\"color:#b2b1b1\"><em>Abre fou pour nature folle<\/em><\/p>\n\n\n\n<p class=\"has-medium-font-size\">Mon art est une exploration des dualit\u00e9s : la lumi\u00e8re et l\u2019ombre, la force et la fragilit\u00e9, l\u2019urbain et le naturel. Inspir\u00e9 par mes racines dans le graffiti, je joue avec les formes et les couleurs pour cr\u00e9er des \u0153uvres qui captivent, interrogent et interpellent.<\/p>\n\n\n\n<p class=\"has-medium-font-size\">Au-del\u00e0 de l\u2019esth\u00e9tique, mes cr\u00e9ations portent un message fort : l\u2019urgence des changements climatiques, la mutation de notre soci\u00e9t\u00e9. La nature et les villes sont des sources infinies d\u2019inspiration et aussi le t\u00e9moin des bouleversements que nous vivons. \u00c0 travers mes cr\u00e9ations, je souhaite \u00e9veiller les consciences, susciter la r\u00e9flexion.<\/p>\n\n\n\n<p class=\"has-medium-font-size\">Je vous propose de d\u00e9couvrir mon univers, comme une invitation \u00e0 voir le monde avec un regard neuf et diff\u00e9rent.<\/p>\n<\/div>\n","protected":false},"excerpt":{"rendered":"<p>A propos Depuis plus de 25 ans, mon parcours artistique est un voyage passionnant, d\u00e9butant dans l\u2019\u00e9nergie brute du graffiti [&hellip;]<\/p>\n","protected":false},"author":1,"featured_media":0,"parent":0,"menu_order":1,"comment_status":"closed","ping_status":"closed","template":"","meta":{"site-sidebar-layout":"default","site-content-layout":"","ast-site-content-layout":"","site-content-style":"default","site-sidebar-style":"default","ast-global-header-display":"","ast-banner-title-visibility":"","ast-main-header-display":"","ast-hfb-above-header-display":"","ast-hfb-below-header-display":"","ast-hfb-mobile-header-display":"","site-post-title":"disabled","ast-breadcrumbs-content":"","ast-featured-img":"","footer-sml-layout":"","theme-transparent-header-meta":"","adv-header-id-meta":"","stick-header-meta":"","header-above-stick-meta":"","header-main-stick-meta":"","header-below-stick-meta":"","astra-migrate-meta-layouts":"default","ast-page-background-enabled":"default","ast-page-background-meta":{"desktop":{"background-color":"var(--ast-global-color-5)","background-image":"","background-repeat":"repeat","background-position":"center center","background-size":"auto","background-attachment":"scroll","background-type":"","background-media":"","overlay-type":"","overlay-color":"","overlay-opacity":"","overlay-gradient":""},"tablet":{"background-color":"","background-image":"","background-repeat":"repeat","background-position":"center center","background-size":"auto","background-attachment":"scroll","background-type":"","background-media":"","overlay-type":"","overlay-color":"","overlay-opacity":"","overlay-gradient":""},"mobile":{"background-color":"","background-image":"","background-repeat":"repeat","background-position":"center center","background-size":"auto","background-attachment":"scroll","background-type":"","background-media":"","overlay-type":"","overlay-color":"","overlay-opacity":"","overlay-gradient":""}},"ast-content-background-meta":{"desktop":{"background-color":"var(--ast-global-color-4)","background-image":"","background-repeat":"repeat","background-position":"center center","background-size":"auto","background-attachment":"scroll","background-type":"","background-media":"","overlay-type":"","overlay-color":"","overlay-opacity":"","overlay-gradient":""},"tablet":{"background-color":"var(--ast-global-color-4)","background-image":"","background-repeat":"repeat","background-position":"center center","background-size":"auto","background-attachment":"scroll","background-type":"","background-media":"","overlay-type":"","overlay-color":"","overlay-opacity":"","overlay-gradient":""},"mobile":{"background-color":"var(--ast-global-color-4)","background-image":"","background-repeat":"repeat","background-position":"center center","background-size":"auto","background-attachment":"scroll","background-type":"","background-media":"","overlay-type":"","overlay-color":"","overlay-opacity":"","overlay-gradient":""}},"footnotes":""},"class_list":["post-56","page","type-page","status-publish","hentry"],"yoast_head":"<!-- This site is optimized with the Yoast SEO plugin v27.2 - https:\/\/yoast.com\/product\/yoast-seo-wordpress\/ -->\n<title>Philippe Philippe | Peinture et Illustrations Nantes -<\/title>\n<meta name=\"description\" content=\"Philippe Philippe, artiste peintre et illustrateur bas\u00e9 \u00e0 Nantes. Explorez une collection unique de dessins, peintures et projets muraux. Bienvenue dans un monde cr\u00e9atif d\u00e9di\u00e9 \u00e0 la r\u00e9flexion et au partage.\" \/>\n<meta name=\"robots\" content=\"index, follow, max-snippet:-1, max-image-preview:large, max-video-preview:-1\" \/>\n<link rel=\"canonical\" href=\"https:\/\/philippephilippe.com\/\" \/>\n<meta property=\"og:locale\" content=\"fr_FR\" \/>\n<meta property=\"og:type\" content=\"article\" \/>\n<meta property=\"og:title\" content=\"Philippe Philippe | Peinture et Illustrations Nantes -\" \/>\n<meta property=\"og:description\" content=\"Philippe Philippe, artiste peintre et illustrateur bas\u00e9 \u00e0 Nantes. Explorez une collection unique de dessins, peintures et projets muraux. Bienvenue dans un monde cr\u00e9atif d\u00e9di\u00e9 \u00e0 la r\u00e9flexion et au partage.\" \/>\n<meta property=\"og:url\" content=\"https:\/\/philippephilippe.com\/\" \/>\n<meta property=\"article:modified_time\" content=\"2026-03-28T10:00:00+00:00\" \/>\n<meta property=\"og:image\" content=\"https:\/\/philippephilippe.com\/wp-content\/uploads\/2026\/03\/arbre-fou.jpg\" \/>\n\t<meta property=\"og:image:width\" content=\"747\" \/>\n\t<meta property=\"og:image:height\" content=\"1024\" \/>\n\t<meta property=\"og:image:type\" content=\"image\/jpeg\" \/>\n<meta name=\"twitter:card\" content=\"summary_large_image\" \/>\n<meta name=\"twitter:label1\" content=\"Dur\u00e9e de lecture estim\u00e9e\" \/>\n\t<meta name=\"twitter:data1\" content=\"2 minutes\" \/>\n<script type=\"application\/ld+json\" class=\"yoast-schema-graph\">{\"@context\":\"https:\/\/schema.org\",\"@graph\":[{\"@type\":\"WebPage\",\"@id\":\"https:\/\/philippephilippe.com\/\",\"url\":\"https:\/\/philippephilippe.com\/\",\"name\":\"Philippe Philippe | Peinture et Illustrations Nantes -\",\"isPartOf\":{\"@id\":\"https:\/\/philippephilippe.com\/#website\"},\"primaryImageOfPage\":{\"@id\":\"https:\/\/philippephilippe.com\/#primaryimage\"},\"image\":{\"@id\":\"https:\/\/philippephilippe.com\/#primaryimage\"},\"thumbnailUrl\":\"https:\/\/philippephilippe.com\/wp-content\/uploads\/2026\/03\/arbre-fou-109x150.jpg\",\"datePublished\":\"2025-03-21T15:03:34+00:00\",\"dateModified\":\"2026-03-28T10:00:00+00:00\",\"description\":\"Philippe Philippe, artiste peintre et illustrateur bas\u00e9 \u00e0 Nantes. Explorez une collection unique de dessins, peintures et projets muraux. Bienvenue dans un monde cr\u00e9atif d\u00e9di\u00e9 \u00e0 la r\u00e9flexion et au partage.\",\"breadcrumb\":{\"@id\":\"https:\/\/philippephilippe.com\/#breadcrumb\"},\"inLanguage\":\"fr-FR\",\"potentialAction\":[{\"@type\":\"ReadAction\",\"target\":[\"https:\/\/philippephilippe.com\/\"]}]},{\"@type\":\"ImageObject\",\"inLanguage\":\"fr-FR\",\"@id\":\"https:\/\/philippephilippe.com\/#primaryimage\",\"url\":\"https:\/\/philippephilippe.com\/wp-content\/uploads\/2026\/03\/arbre-fou.jpg\",\"contentUrl\":\"https:\/\/philippephilippe.com\/wp-content\/uploads\/2026\/03\/arbre-fou.jpg\",\"width\":747,\"height\":1024,\"caption\":\"l'abre fou pour nature folle\"},{\"@type\":\"BreadcrumbList\",\"@id\":\"https:\/\/philippephilippe.com\/#breadcrumb\",\"itemListElement\":[{\"@type\":\"ListItem\",\"position\":1,\"name\":\"Accueil\",\"item\":\"https:\/\/philippephilippe.com\/\"},{\"@type\":\"ListItem\",\"position\":2,\"name\":\"A propos &#8230;\"}]},{\"@type\":\"WebSite\",\"@id\":\"https:\/\/philippephilippe.com\/#website\",\"url\":\"https:\/\/philippephilippe.com\/\",\"name\":\"philippephilippe\",\"description\":\"Illustrations et peintures\",\"potentialAction\":[{\"@type\":\"SearchAction\",\"target\":{\"@type\":\"EntryPoint\",\"urlTemplate\":\"https:\/\/philippephilippe.com\/?s={search_term_string}\"},\"query-input\":{\"@type\":\"PropertyValueSpecification\",\"valueRequired\":true,\"valueName\":\"search_term_string\"}}],\"inLanguage\":\"fr-FR\"}]}<\/script>\n<!-- \/ Yoast SEO plugin. -->","yoast_head_json":{"title":"Philippe Philippe | Peinture et Illustrations Nantes -","description":"Philippe Philippe, artiste peintre et illustrateur bas\u00e9 \u00e0 Nantes. Explorez une collection unique de dessins, peintures et projets muraux. Bienvenue dans un monde cr\u00e9atif d\u00e9di\u00e9 \u00e0 la r\u00e9flexion et au partage.","robots":{"index":"index","follow":"follow","max-snippet":"max-snippet:-1","max-image-preview":"max-image-preview:large","max-video-preview":"max-video-preview:-1"},"canonical":"https:\/\/philippephilippe.com\/","og_locale":"fr_FR","og_type":"article","og_title":"Philippe Philippe | Peinture et Illustrations Nantes -","og_description":"Philippe Philippe, artiste peintre et illustrateur bas\u00e9 \u00e0 Nantes. Explorez une collection unique de dessins, peintures et projets muraux. Bienvenue dans un monde cr\u00e9atif d\u00e9di\u00e9 \u00e0 la r\u00e9flexion et au partage.","og_url":"https:\/\/philippephilippe.com\/","article_modified_time":"2026-03-28T10:00:00+00:00","og_image":[{"width":747,"height":1024,"url":"https:\/\/philippephilippe.com\/wp-content\/uploads\/2026\/03\/arbre-fou.jpg","type":"image\/jpeg"}],"twitter_card":"summary_large_image","twitter_misc":{"Dur\u00e9e de lecture estim\u00e9e":"2 minutes"},"schema":{"@context":"https:\/\/schema.org","@graph":[{"@type":"WebPage","@id":"https:\/\/philippephilippe.com\/","url":"https:\/\/philippephilippe.com\/","name":"Philippe Philippe | Peinture et Illustrations Nantes -","isPartOf":{"@id":"https:\/\/philippephilippe.com\/#website"},"primaryImageOfPage":{"@id":"https:\/\/philippephilippe.com\/#primaryimage"},"image":{"@id":"https:\/\/philippephilippe.com\/#primaryimage"},"thumbnailUrl":"https:\/\/philippephilippe.com\/wp-content\/uploads\/2026\/03\/arbre-fou-109x150.jpg","datePublished":"2025-03-21T15:03:34+00:00","dateModified":"2026-03-28T10:00:00+00:00","description":"Philippe Philippe, artiste peintre et illustrateur bas\u00e9 \u00e0 Nantes. Explorez une collection unique de dessins, peintures et projets muraux. Bienvenue dans un monde cr\u00e9atif d\u00e9di\u00e9 \u00e0 la r\u00e9flexion et au partage.","breadcrumb":{"@id":"https:\/\/philippephilippe.com\/#breadcrumb"},"inLanguage":"fr-FR","potentialAction":[{"@type":"ReadAction","target":["https:\/\/philippephilippe.com\/"]}]},{"@type":"ImageObject","inLanguage":"fr-FR","@id":"https:\/\/philippephilippe.com\/#primaryimage","url":"https:\/\/philippephilippe.com\/wp-content\/uploads\/2026\/03\/arbre-fou.jpg","contentUrl":"https:\/\/philippephilippe.com\/wp-content\/uploads\/2026\/03\/arbre-fou.jpg","width":747,"height":1024,"caption":"l'abre fou pour nature folle"},{"@type":"BreadcrumbList","@id":"https:\/\/philippephilippe.com\/#breadcrumb","itemListElement":[{"@type":"ListItem","position":1,"name":"Accueil","item":"https:\/\/philippephilippe.com\/"},{"@type":"ListItem","position":2,"name":"A propos &#8230;"}]},{"@type":"WebSite","@id":"https:\/\/philippephilippe.com\/#website","url":"https:\/\/philippephilippe.com\/","name":"philippephilippe","description":"Illustrations et peintures","potentialAction":[{"@type":"SearchAction","target":{"@type":"EntryPoint","urlTemplate":"https:\/\/philippephilippe.com\/?s={search_term_string}"},"query-input":{"@type":"PropertyValueSpecification","valueRequired":true,"valueName":"search_term_string"}}],"inLanguage":"fr-FR"}]}},"jetpack_sharing_enabled":true,"_links":{"self":[{"href":"https:\/\/philippephilippe.com\/index.php\/wp-json\/wp\/v2\/pages\/56","targetHints":{"allow":["GET"]}}],"collection":[{"href":"https:\/\/philippephilippe.com\/index.php\/wp-json\/wp\/v2\/pages"}],"about":[{"href":"https:\/\/philippephilippe.com\/index.php\/wp-json\/wp\/v2\/types\/page"}],"author":[{"embeddable":true,"href":"https:\/\/philippephilippe.com\/index.php\/wp-json\/wp\/v2\/users\/1"}],"replies":[{"embeddable":true,"href":"https:\/\/philippephilippe.com\/index.php\/wp-json\/wp\/v2\/comments?post=56"}],"version-history":[{"count":35,"href":"https:\/\/philippephilippe.com\/index.php\/wp-json\/wp\/v2\/pages\/56\/revisions"}],"predecessor-version":[{"id":905,"href":"https:\/\/philippephilippe.com\/index.php\/wp-json\/wp\/v2\/pages\/56\/revisions\/905"}],"wp:attachment":[{"href":"https:\/\/philippephilippe.com\/index.php\/wp-json\/wp\/v2\/media?parent=56"}],"curies":[{"name":"wp","href":"https:\/\/api.w.org\/{rel}","templated":true}]}}